{"id":134,"date":"2009-09-17T11:33:07","date_gmt":"2009-09-17T09:33:07","guid":{"rendered":"http:\/\/kreativ-atelier.net\/?page_id=134"},"modified":"2018-04-13T13:19:07","modified_gmt":"2018-04-13T11:19:07","slug":"referenzen","status":"publish","type":"page","link":"http:\/\/kreativ-atelier.net\/?page_id=134","title":{"rendered":"Referenzen"},"content":{"rendered":"<p>Referenzen in alphabethischer Reihenfolge:<\/p>\n<ul>\n<li><a href=\"http:\/\/www.academy-isc.de\" target=\"_blank\" rel=\"noopener\">academy-isc Chemnitz<\/a><\/li>\n<li><a href=\"http:\/\/www.ifh-online.de\" target=\"_blank\" rel=\"noopener\">Artemis &#8211; Verein zur F\u00f6rderung der H\u00f6rkultur e.V. Chemnitz<\/a><\/li>\n<li>B\u00e4ckerei &amp; Konditorei Reinhold Zwickau<\/li>\n<li>Beautiful Style Silke Wagner, Limbach-Oberfrohna<\/li>\n<li><a href=\"http:\/\/bodystyleconcept.de\" target=\"_blank\" rel=\"noopener\">BodyStyleConcept Katrin Mehlhorn Ottendorf<\/a><\/li>\n<li><a href=\"http:\/\/www.daetz-stiftung.org\" target=\"_self\">Daetz-Stiftung Lichtenstein<\/a><\/li>\n<li><a href=\"https:\/\/www.freundeskreis-kinderheim.de\/\" target=\"_blank\" rel=\"noopener\">Freundeskreis &#8222;Indira Gandhi&#8220; e. V. Chemnitz<\/a><\/li>\n<li><a href=\"http:\/\/www.golden-buffalo.de\" target=\"_blank\" rel=\"noopener\">Golden Buffalo Handels GmbH<\/a><\/li>\n<li><a href=\"http:\/\/www.hs-fresenius.de\/index.24.de.html\" target=\"_blank\" rel=\"noopener\">Hochschule Fresenius Zwickau<\/a><\/li>\n<li><a href=\"http:\/\/www.imm-gruppe.de\" target=\"_blank\" rel=\"noopener\">IMM Gruppe Mittweida<\/a><\/li>\n<li>Kinderbetreuung Simone Hausmann Limbach-Oberfrohna<\/li>\n<li><a href=\"http:\/\/www.kloeppel-collegen.de\" target=\"_blank\" rel=\"noopener\">Kl\u00f6ppel &amp; Collegen International Consultations GmbH Aue<\/a><\/li>\n<li><a href=\"http:\/\/www.xn--mrchenland-q5a.de\/\" target=\"_blank\" rel=\"noopener\">M\u00e4rchenland gGmbH Berlin<\/a><\/li>\n<li><a href=\"https:\/\/mikomi.hs-mittweida.de\/\" target=\"_blank\" rel=\"noopener\">MIKOMI der Hochschule Mittweida<\/a><\/li>\n<li><a href=\"http:\/\/www.myuniquate.de\" target=\"_blank\" rel=\"noopener\">my:uniquate GmbH Chemnitz<\/a><\/li>\n<li><a href=\"http:\/\/www.reha-aktiv-chemnitz.de\" target=\"_blank\" rel=\"noopener\">Reha-aktiv GmbH Chemnitz<\/a><\/li>\n<li>REWE Foodservice GmbH Dresden<\/li>\n<li><a href=\"http:\/\/www.sg-callenberg.de\" target=\"_blank\" rel=\"noopener\">SG Callenberg<\/a><\/li>\n<li>Sonnenklar Reiseb\u00fcro Sol y Mar Glauchau<\/li>\n<li>Ursula`s Verw\u00f6hnst\u00fcbchen R\u00f6llingshain<\/li>\n<li><a href=\"http:\/\/www.koechemitteldeutschland.de\" target=\"_blank\" rel=\"noopener\">Verband der K\u00f6che Mitteldeutschlands<\/a><\/li>\n<\/ul>\n<p>sowie viele weitere Privatpersonen.<\/p>\n<p style=\"text-align: justify;\">Hiermit weise ich darauf hin, das jedes auf dieser Internetseite befindliche Bild bzw. Foto dem Urheberrecht unterliegen. Unerlaubte Kopien, Vervielf\u00e4ltigungen und in Umlauf bringen\u00a0ohne schriftliche Erlaubnis werden strafrechtlich verfolgt.<\/p>\n","protected":false},"excerpt":{"rendered":"<p>Referenzen in alphabethischer Reihenfolge: academy-isc Chemnitz Artemis &#8211; Verein zur F\u00f6rderung der H\u00f6rkultur e.V. Chemnitz B\u00e4ckerei &amp; Konditorei Reinhold Zwickau Beautiful Style Silke Wagner, Limbach-Oberfrohna BodyStyleConcept Katrin Mehlhorn Ottendorf Daetz-Stiftung Lichtenstein Freundeskreis &#8222;Indira Gandhi&#8220; e. V. Chemnitz Golden Buffalo Handels GmbH Hochschule Fresenius Zwickau IMM Gruppe Mittweida Kinderbetreuung Simone Hausmann Limbach-Oberfrohna Kl\u00f6ppel &amp; Collegen International [&hellip;]<\/p>\n","protected":false},"author":2,"featured_media":0,"parent":0,"menu_order":4,"comment_status":"closed","ping_status":"closed","template":"","meta":[],"_links":{"self":[{"href":"http:\/\/kreativ-atelier.net\/index.php?rest_route=\/wp\/v2\/pages\/134"}],"collection":[{"href":"http:\/\/kreativ-atelier.net\/index.php?rest_route=\/wp\/v2\/pages"}],"about":[{"href":"http:\/\/kreativ-atelier.net\/index.php?rest_route=\/wp\/v2\/types\/page"}],"author":[{"embeddable":true,"href":"http:\/\/kreativ-atelier.net\/index.php?rest_route=\/wp\/v2\/users\/2"}],"replies":[{"embeddable":true,"href":"http:\/\/kreativ-atelier.net\/index.php?rest_route=%2Fwp%2Fv2%2Fcomments&post=134"}],"version-history":[{"count":23,"href":"http:\/\/kreativ-atelier.net\/index.php?rest_route=\/wp\/v2\/pages\/134\/revisions"}],"predecessor-version":[{"id":645,"href":"http:\/\/kreativ-atelier.net\/index.php?rest_route=\/wp\/v2\/pages\/134\/revisions\/645"}],"wp:attachment":[{"href":"http:\/\/kreativ-atelier.net\/index.php?rest_route=%2Fwp%2Fv2%2Fmedia&parent=134"}],"curies":[{"name":"wp","href":"https:\/\/api.w.org\/{rel}","templated":true}]}}