{"id":358,"date":"2010-01-29T11:52:25","date_gmt":"2010-01-29T09:52:25","guid":{"rendered":"http:\/\/kreativ-atelier.net\/?page_id=358"},"modified":"2010-11-06T11:25:15","modified_gmt":"2010-11-06T09:25:15","slug":"agb","status":"publish","type":"page","link":"http:\/\/kreativ-atelier.net\/?page_id=358","title":{"rendered":"AGB"},"content":{"rendered":"<h1>Allgemeine Liefer- und Gesch\u00e4ftsbedingungen<\/h1>\n<h2>I. Geltung<\/h2>\n<p>1. Die nachfolgenden allgemeinen Liefer- und Gesch\u00e4ftsbedingungen (im folgenden AGB genannt) gelten f\u00fcr alle von KreativAtelier durchgef\u00fchrten Auftr\u00e4ge, Angebote, Lieferungen und Leistungen.<\/p>\n<p>2. Sie gelten als vereinbart mit Entgegennahme der Lieferung oder Leistung bzw. des Angebots von KreativAtelier durch den Kunden, sp\u00e4testens jedoch mit der Annahme des Bildmaterials zur Ver\u00f6ffentlichung.<\/p>\n<p>3. Wenn der Kunde den AGB widersprechen will, ist dieses schriftlich binnen drei Werktagen zu erkl\u00e4ren. Abweichenden Gesch\u00e4ftsbedingungen des Kunden wird hiermit widersprochen. Abweichende Gesch\u00e4ftsbedingungen des Kunden erlangen keine G\u00fcltigkeit, es sei denn, dass KreativAtelier dies schriftlich anerkennt.<\/p>\n<p>4. Die AGB gelten im Rahmen einer laufenden Gesch\u00e4ftsbeziehung auch ohne ausdr\u00fcckliche Einbeziehung auch f\u00fcr alle zuk\u00fcnftigen Auftr\u00e4ge, Angebote, Lieferungen und Leistungen von KreativAtelier, sofern nicht ausdr\u00fccklich abweichende Regelungen getroffen werden.<\/p>\n<h2>II. Auftragsproduktionen<\/h2>\n<p>1. Soweit KreativAtelier Kostenvoranschl\u00e4ge erstellt, sind diese unverbindlich. Treten w\u00e4hrend der Produktion Kostenerh\u00f6hungen ein, sind diese erst dann von KreativAtelier anzuzeigen, wenn erkennbar wird, dass hierdurch eine \u00dcberschreitung der urspr\u00fcnglich veranschlagten Gesamtkosten um mehr als 15% zu erwarten ist. Wird die vorgesehene Produktionszeit aus Gr\u00fcnden \u00fcberschritten, die KreativAtelier nicht zu vertreten hat, so ist eine zus\u00e4tzliche Verg\u00fctung auf der Grundlage des vereinbarten Zeithonorars bzw. in Form einer angemessenen Erh\u00f6hung des Pauschalhonorars zu leisten.<\/p>\n<p>2. KreativAtelier ist berechtigt, Leistungen von Dritten, die zur Durchf\u00fchrung der Produktion eingekauft werden m\u00fcssen, im Namen und mit Vollmacht sowie f\u00fcr Rechnung des Kunden in Auftrag zu geben.<\/p>\n<p>3. Vorbehaltlich einer anderweitigen Regelung werden die Aufnahmen, die dem Kunden nach Abschluss der Produktion zur Abnahme vorgelegt werden, durch KreativAtelier ausgew\u00e4hlt.<\/p>\n<p>4. Sind KreativAtelier innerhalb von zwei Wochen nach Ablieferung der Aufnahmen keine schriftlichen M\u00e4ngelr\u00fcgen zugegangen, gelten die Aufnahmen als vertragsgem\u00e4\u00df und m\u00e4ngelfrei abgenommen.<\/p>\n<p>5. W\u00e4hrend eines Fototermins ist das Fotografieren durch G\u00e4ste des Auftraggebers oder Mitbewerbers nicht gestattet.<span style=\"font-family: Verdana,Arial,Helvetica,sans-serif; color: #ffffff; font-size: x-small;\">re<\/span><\/p>\n<h2>III. Nebenpflichten des Kunden<\/h2>\n<p>1. Der Auftraggeber versichert, dass er an allen dem KreativAtelier \u00fcbergebenen Vorlagen das Vervielf\u00e4ltigungs- und Verbreitungsrecht sowie bei Personenbildnissen die Einwilligung der abgebildeten Personen zur Ver\u00f6ffentlichung, Vervielf\u00e4ltigung und Verbreitung besitzt. Ersatzanspr\u00fcche Dritter, die auf der Verletzung dieser Pflicht beruhen, tr\u00e4gt der Auftraggeber.<\/p>\n<p>2. Der Auftraggeber verpflichtet sich, die Aufnahmeobjekte rechtzeitig zur Verf\u00fcgung zu stellen und unverz\u00fcglich nach der Aufnahme wieder abzuholen. Holt der Auftraggeber nach Aufforderung die Aufnahmeobjekte nicht sp\u00e4testens nach zwei Werktagen ab, ist KreativAtelier berechtigt, gegebenenfalls Lagerkosten zu berechnen oder bei Blockierung seiner Studior\u00e4ume die Gegenst\u00e4nde auf Kosten des Auftraggebers auszulagern. Transport- und Lagerkosten gehen zu Lasten des Auftraggebers.<span style=\"font-family: Verdana,Arial,Helvetica,sans-serif; color: #ffffff; font-size: x-small;\">nd<\/span><\/p>\n<h2>IV. \u00dcberlassenes Bildmaterial (analog und digital)<\/h2>\n<p>1. Die AGB gelten f\u00fcr jegliches dem Kunden \u00fcberlassenes Bildmaterial, gleich in welcher Schaffensstufe oder in welcher technischen Form sie vorliegen. Sie gelten insbesondere auch f\u00fcr elektronisches oder digital \u00fcbermitteltes Bildmaterial.<\/p>\n<p>2. Der Kunde erkennt an, dass es sich bei dem vonKreativAtelier gelieferten Bildmaterial um urheberrechtlich gesch\u00fctzte Werke i.S.v. \u00a7 2 Abs.1 Ziff.5 Urheberrechtsgesetz handelt.<\/p>\n<p>3. Vom Kunden in Auftrag gegebene Gestaltungsvorschl\u00e4ge oder Konzeptionen sind eigenst\u00e4ndige Leistungen, die zu verg\u00fcten sind.<\/p>\n<p>4. Das \u00fcberlassene Bildmaterial bleibt Eigentum von KreativAtelier, und zwar auch in dem Fall, dass Schadensersatz hierf\u00fcr geleistet wird.<\/p>\n<p>5. Der Kunde hat das Bildmaterial sorgf\u00e4ltig und pfleglich zu behandeln und darf es an Dritte nur zu gesch\u00e4ftsinternen Zwecken der Sichtung, Auswahl und technischen Verarbeitung weitergeben.<\/p>\n<p>6. Hat der Auftraggeber KreativAtelier keine ausdr\u00fccklichen Weisungen hinsichtlich der Gestaltung der Auftragsarbeiten gegeben, so sind Reklamationen bez\u00fcglich der Bildauffassung sowie der k\u00fcnstlerisch-technischen Gestaltung ausgeschlossen. W\u00fcnscht der Auftraggeber w\u00e4hrend oder nach der Aufnahmeproduktion \u00c4nderungen, so hat er die Mehrkosten zu tragen. KreativAtelier beh\u00e4lt den Verg\u00fctungs-Anspruch f\u00fcr bereits begonnene Arbeiten.<\/p>\n<p>7. Reklamationen, die den Inhalt der gelieferten Sendung oder Inhalt, Qualit\u00e4t oder Zustand des Bildmaterials betreffen, sind innerhalb von zwei Wochen nach Empfang mitzuteilen. Anderenfalls gilt das Bildmaterial als ordnungsgem\u00e4\u00df, vertragsgem\u00e4\u00df und wie verzeichnet zugegangen.<\/p>\n<h2>V. Nutzungsrechte<\/h2>\n<p>1. Der Kunde erwirbt grunds\u00e4tzlich nur ein einfaches Nutzungsrecht zur einmaligen Verwendung. Ver\u00f6ffentlichungen im Internet oder die Einstellung in digitale Datenbanken sind vorbehaltlich anderweitiger Vereinbarungen zeitlich begrenzt auf die Dauer der Ver\u00f6ffentlichungszeitr\u00e4ume des entsprechenden bzw. eines vergleichbaren Printobjektes.<\/p>\n<p>2. Ausschlie\u00dfliche Nutzungsrechte, medienbezogene oder r\u00e4umliche Exklusivrechte oder Sperrfristen m\u00fcssen gesondert vereinbart werden und bedingen einen Aufschlag von mindestens 100% auf das jeweilige Grundhonorar.<\/p>\n<p>3. Die Nutzungsrechte gehen erst \u00fcber nach vollst\u00e4ndiger Bezahlung des Honorars an KreativAtelier. Mit der Lieferung wird lediglich das Nutzungsrecht \u00fcbertragen f\u00fcr die einmalige Nutzung des Bildmaterials zu dem vom Kunden angegebenen Zweck und in der Publikation und in dem Medium oder Datentr\u00e4ger, welche\/-s\/-n der Kunde angegeben hat oder welche\/-s\/-r sich aus den Umst\u00e4nden der Auftragserteilung ergibt. Im Zweifelsfall ist ma\u00dfgeblich der Nutzungszweck, f\u00fcr den das Bildmaterial ausweislich des Lieferscheins oder der Versandadresse zur Verf\u00fcgung gestellt worden ist.<\/p>\n<p>4. Jede \u00fcber Ziffer 3. hinausgehende Nutzung, Verwertung, Vervielf\u00e4ltigung, Verbreitung oder Ver\u00f6ffentlichung ist honorarpflichtig und bedarf der vorherigen ausdr\u00fccklichen Zustimmung des Fotografen. Das gilt insbesondere f\u00fcr:<\/p>\n<p>&#8211; eine Zweitverwertung oder Zweitver\u00f6ffentlichung, insbesondere in Sammelb\u00e4nden, produktbegleitenden Prospekten, bei Werbema\u00dfnahmen oder bei sonstigen Nachdrucken, jegliche Bearbeitung, \u00c4nderung oder Umgestaltung des Bildmaterials,<\/p>\n<p>&#8211; die Speicherung oder Duplizierung des Bildmaterials auf Datentr\u00e4gern aller Art (z.B. magnetische, optische, magnetooptische oder elektronische Tr\u00e4germedien wie CD\/DVD-ROM, Festplatten, Arbeitsspeicher, Mikrofilm etc.), soweit dieses nicht nur der technischen Verarbeitung und Verwaltung des Bildmaterials gem. Ziff.III 5. AGB dient,<\/p>\n<p>&#8211; jegliche Vervielf\u00e4ltigung oder Nutzung der Bilddaten auf digitalen Datentr\u00e4gern, jegliche Aufnahme oder Wiedergabe der Bilddaten im Internet oder in Online-Datenbanken oder in anderen elektronischen Archiven (auch soweit es sich um interne elektronische Archive des Kunden handelt),<\/p>\n<p>&#8211; die Weitergabe des digitalisierten Bildmaterials im Wege der Datenfern\u00fcbertragung oder auf Datentr\u00e4gern, die zur \u00f6ffentlichen Wiedergabe auf Bildschirmen oder zur Herstellung von Hardcopies geeignet sind.<\/p>\n<p>5. Ver\u00e4nderungen des Bildmaterials durch Foto-Composing, Montage oder durch elektronische Hilfsmittel zur Erstellung eines neuen urheberrechtlich gesch\u00fctzten Werkes sind nur nach vorheriger schriftlicher Zustimmung von KreativAtelier und nur bei Kennzeichnung gestattet. Auch darf das Bildmaterial nicht abgezeichnet, nachgestellt fotografiert oder anderweitig als Motiv benutzt werden.<\/p>\n<p>6. Der Kunde ist nicht berechtigt, die ihm einger\u00e4umten Nutzungsrechte ganz oder teilweise auf Dritte, auch nicht auf andere Konzern- oder Tochterunternehmen, zu \u00fcbertragen. Jegliche Nutzung, Wiedergabe oder Weitergabe des Bildmaterials ist nur gestattet unter der Voraussetzung der Anbringung des von KreativAtelier vorgegebenen Urhebervermerks in zweifelsfreier Zuordnung zum jeweiligen Bild.<\/p>\n<p>7. Die Einr\u00e4umung der Nutzungsrechte steht unter der aufschiebenden Bedingung der vollst\u00e4ndigen Bezahlung s\u00e4mtlicher Zahlungsanspr\u00fcche von KreativAtelier aus dem jeweiligen Vertragsverh\u00e4ltnis.<\/p>\n<h2>VI. Haftung<\/h2>\n<p>1. F\u00fcr die Verletzung von Pflichten, die nicht in unmittelbarem Zusammenhang mit wesentlichen Vertragspflichten stehen, haftet KreativAtelier f\u00fcr sich und seine Erf\u00fcllungsgehilfen nur bei Vorsatz und grober Fahrl\u00e4ssigkeit. Er haftet ferner f\u00fcr Sch\u00e4den aus der Verletzung des Lebens, des K\u00f6rpers oder der Gesundheit sowie aus der Verletzung wesentlicher Vertragspflichten, die er oder seine Erf\u00fcllungsgehilfen durch schuldhafte Pflichtverletzungen herbeigef\u00fchrt haben. F\u00fcr Sch\u00e4den an Aufnahmeobjekten, Vorlagen, Filmen, Displays, Layouts, Negativen oder Daten haftet KreativAtelier \u2013 wenn nichts anderes vereinbart wurde \u2013 nur bei Vorsatz und grober Fahrl\u00e4ssigkeit. Bei einem Verlust oder der Besch\u00e4digung von Bildern, Negativen, digitalen Medien beschr\u00e4nkt sich die Ersatzpflicht auf die Erstellung neuer Aufnahmen. Weitere Anspr\u00fcche (etwa bei Hochzeitsaufnahmen) entfallen. \u00dcbergebene Vorlagen oder Gegenst\u00e4nde m\u00fcssen vom Auftraggeber gegen Besch\u00e4digung, Verlust, Diebstahl und Feuer versichert sein.<\/p>\n<p>2. KreativAtelier \u00fcbernimmt keine Haftung f\u00fcr die Verletzung von Rechten abgebildeter Personen oder Objekte, es sei denn, es wird ein entsprechend unterzeichnetes Release-Formular beigef\u00fcgt. Der Erwerb von Nutzungsrechten \u00fcber das fotografische Urheberrecht hinaus, z. B. f\u00fcr abgebildete Werke der bildenden oder angewandten Kunst sowie die Einholung von Ver\u00f6ffentlichungsgenehmigungen bei Sammlungen, Museen etc. obliegt dem Kunden. Der Kunde tr\u00e4gt die Verantwortung f\u00fcr die Betextung sowie die sich aus der konkreten Ver\u00f6ffentlichung ergebenden Sinnzusammenh\u00e4nge.<\/p>\n<p>3. Ab dem Zeitpunkt der ordnungsgem\u00e4\u00dfen Lieferung des Bildmaterials ist der Kunde f\u00fcr dessen sachgem\u00e4\u00dfe Verwendung verantwortlich.<\/p>\n<p>4. Bei Reproduktionen, Nachbestellungen und Vergr\u00f6\u00dferungen k\u00f6nnen sich Farbdifferenzen gegen\u00fcber der Vorlage oder den Erstbildern ergeben. Dies ist kein Fehler des Werkes und eine Reklamation ist hierdurch nicht berechtigt.<\/p>\n<p>5. Fingerabdr\u00fccke sind kein Reklamationsgrund. Sollten Sch\u00e4den oder Fingerabdr\u00fccke an den Bildern sichtbar sein, sind die entsprechenden Abz\u00fcge sofort bei der \u00dcbergabe nach sofortiger Begutachtung des gelieferten Materials zu reklamieren. Sp\u00e4tere Reklamationen k\u00f6nnen nicht akzeptiert werden.<\/p>\n<h2>VII. Honorare<\/h2>\n<p>1. Es gilt das vereinbarte Honorar zuz\u00fcglich gesetzlicher Mehrwertsteuer, derzeit 19%. Ist kein Honorar vereinbart worden, bestimmt es sich nach der jeweils aktuellen Bildhonorar\u00fcbersicht der Mittelstands-gemeinschaft Foto-Marketing (MFM).<\/p>\n<p>2. Bis zur vollst\u00e4ndigen Bezahlung des Kaufpreises bleiben die gelieferten Auftragsarbeiten Eigentum von KreativAtelier. Mit der Zahlung des vereinbarten Honorars wird die einmalige Nutzung des Bildmaterials zu dem vereinbarten Zweck gem\u00e4\u00df Ziff. IV. 3 abgegolten, es sei denn, es sind andere Absprachen getroffen worden.<\/p>\n<p>3. Durch den Auftrag anfallende Kosten und Auslagen (z.B. Material- und Laborkosten, Modellhonorare, Kosten f\u00fcr erforderliche Requisiten, Reisekosten, erforderliche Spesen, etc.) sind nicht im Honorar enthalten und gehen zu Lasten des Kunden.<\/p>\n<p>4. Der Honoraranspruch ist bei Ablieferung der Aufnahme f\u00e4llig, sp\u00e4testens 7 Tage nach Zugang der Rechnung. Wird eine Produktion in Teilen abgeliefert, so ist das entsprechende Teilhonorar mit jeweiliger Lieferung f\u00e4llig. KreativAtelier ist berechtigt, bei Produktionsauftr\u00e4gen Abschlagszahlungen entsprechend dem jeweils erbrachten Leistungsumfang zu verlangen.<\/p>\n<p>5. Das Honorar gem\u00e4\u00df VI. 1. AGB ist auch dann in voller H\u00f6he zu zahlen, wenn das in Auftrag gegebene und gelieferte Bildmaterial nicht ver\u00f6ffentlicht wird. Bei Verwendung der Aufnahmen f\u00fcr Layout- und Pr\u00e4sentationszwecke f\u00e4llt vorbehaltlich einer abweichenden Vereinbarung ein Honorar von mindestens \u20ac 75,00 pro Aufnahme an.<\/p>\n<p>6. Eine Aufrechnung oder die Aus\u00fcbung des Zur\u00fcckbehaltungsrechts ist nur mit unbestrittenen oder rechtskr\u00e4ftig festgestellten Forderungen des Kunden zul\u00e4ssig. Zul\u00e4ssig ist au\u00dferdem die Aufrechnung mit bestrittenen aber entscheidungsreifen Gegenforderungen.<\/p>\n<p>7. F\u00e4llige Rechnungen sind innerhalb von 7 Tagen ohne Abzug zu zahlen. Der Auftraggeber ger\u00e4t in Verzug, wenn er f\u00e4llige Rechnungen nicht sp\u00e4testens 14 (in Worten: vierzehn) Tage nach Zugang einer Rechnung oder gleichwertigen Zahlungsaufforderung begleicht. KreativAtelier bleibt vorbehalten, den Verzug durch Erteilung einer nach F\u00e4lligkeit zugehenden Mahnung zu einem fr\u00fcheren Zeitpunkt herbeizuf\u00fchren. Mahngeb\u00fchren werden mit 5,00 \u20ac zzgl. gesetzlicher Mehrwertsteuer pro Mahnung festgelegt.<\/p>\n<h2>VIII. R\u00fcckgabe des Bildmaterials<\/h2>\n<p>1. Analoges Bildmaterial ist in der gelieferten Form unverz\u00fcglich nach der Ver\u00f6ffentlichung oder der vereinbarten Nutzung, sp\u00e4testens jedoch drei Monate nach dem Lieferdatum, unaufgefordert zur\u00fcckzusenden; beizuf\u00fcgen ist ein Belegexemplar.<\/p>\n<p>2. Digitale Daten sind nach Abschluss der Nutzung grunds\u00e4tzlich zu l\u00f6schen bzw. sind die Datentr\u00e4ger zu vernichten. KreativAtelier haftet nicht f\u00fcr den Bestand und\/oder die M\u00f6glichkeit einer erneuten Lieferung der Daten.<\/p>\n<p>3. \u00dcberl\u00e4sst KreativAtelier auf Anforderung des Kunden oder mit dessen Einverst\u00e4ndnis Bildmaterial lediglich zum Zwecke der Pr\u00fcfung, ob eine Nutzung oder Ver\u00f6ffentlichung in Betracht kommt, hat der Kunde analoges Bildmaterial sp\u00e4testens innerhalb eines Monats nach Erhalt zur\u00fcckzugeben, sofern auf dem Lieferschein keine andere Frist vermerkt ist. Digitale Daten sind zu l\u00f6schen bzw. sind die Datentr\u00e4ger zu vernichten oder zur\u00fcckzugeben. Eine Verl\u00e4ngerung dieser Frist ist nur wirksam, wenn sie von KreativAtelier schriftlich best\u00e4tigt worden ist.<\/p>\n<p>4. Die R\u00fccksendung des Bildmaterials erfolgt durch den Kunden auf dessen Kosten in branchen\u00fcblicher Verpackung. Der Kunde tr\u00e4gt das Risiko des Verlusts oder der Besch\u00e4digung w\u00e4hrend des Transports bis zum Eingang bei KreativAtelier .<\/p>\n<h2>IX. Vertragsstrafe, Schadensersatz<\/h2>\n<p>1. Bei jeglicher unberechtigten (ohne Zustimmung von KreativAtelier erfolgten) Nutzung, Verwendung, Wiedergabe oder Weitergabe des Bildmaterials ist f\u00fcr jeden Einzelfall eine Vertragsstrafe in H\u00f6he des f\u00fcnffachen Nutzungshonorars zu zahlen, vorbehaltlich weitergehender Schadensersatzanspr\u00fcche.<\/p>\n<p>2. Bei unterlassenem, unvollst\u00e4ndigem, falsch platziertem oder nicht zuordnungsf\u00e4higem Urhebervermerk ist ein Aufschlag in H\u00f6he von 100% auf das vereinbarte bzw. \u00fcbliche Nutzungshonorar zu zahlen.<\/p>\n<h2>X. Datenschutz<\/h2>\n<p>Zum Gesch\u00e4ftsverkehr erforderliche personenbezogene Daten des Auftraggebers k\u00f6nnen gespeichert werden. KreativAtelier verpflichtet sich, alle ihm im Rahmen des Auftrages bekannt gewordenen Informationen vertraulich zu behandeln und diese nicht an Dritte weiter zu geben.<\/p>\n<h2>XI. Allgemeines<\/h2>\n<p>1. Es gilt das Recht der Bundesrepublik Deutschland als vereinbart, und zwar auch bei Lieferungen ins Ausland.<\/p>\n<p>2. Nebenabreden zum Vertrag oder zu diesen AGB bed\u00fcrfen zu ihrer Wirksamkeit der Schriftform.<\/p>\n<p>3. Die etwaige Nichtigkeit bzw. Unwirksamkeit einer oder mehrerer Bestimmungen dieser AGB be\u00fc\u00fchrt nicht die Wirksamkeit der \u00fcbrigen Bestimmungen. Die Parteien verpflichten sich, die ung\u00fcltige Bestimmung durch eine sinnentsprechende wirksame Bestimmung zu ersetzen, die der angestrebten Regelung wirtschaftlich und juristisch am n\u00e4chsten kommt.<\/p>\n<p>4. Erf\u00fcllungsort und Gerichtsstand ist Chemnitz.<\/p>\n","protected":false},"excerpt":{"rendered":"<p>Allgemeine Liefer- und Gesch\u00e4ftsbedingungen I. Geltung 1. Die nachfolgenden allgemeinen Liefer- und Gesch\u00e4ftsbedingungen (im folgenden AGB genannt) gelten f\u00fcr alle von KreativAtelier durchgef\u00fchrten Auftr\u00e4ge, Angebote, Lieferungen und Leistungen. 2. Sie gelten als vereinbart mit Entgegennahme der Lieferung oder Leistung bzw. des Angebots von KreativAtelier durch den Kunden, sp\u00e4testens jedoch mit der Annahme des Bildmaterials zur [&hellip;]<\/p>\n","protected":false},"author":1,"featured_media":0,"parent":0,"menu_order":6,"comment_status":"closed","ping_status":"closed","template":"","meta":[],"_links":{"self":[{"href":"http:\/\/kreativ-atelier.net\/index.php?rest_route=\/wp\/v2\/pages\/358"}],"collection":[{"href":"http:\/\/kreativ-atelier.net\/index.php?rest_route=\/wp\/v2\/pages"}],"about":[{"href":"http:\/\/kreativ-atelier.net\/index.php?rest_route=\/wp\/v2\/types\/page"}],"author":[{"embeddable":true,"href":"http:\/\/kreativ-atelier.net\/index.php?rest_route=\/wp\/v2\/users\/1"}],"replies":[{"embeddable":true,"href":"http:\/\/kreativ-atelier.net\/index.php?rest_route=%2Fwp%2Fv2%2Fcomments&post=358"}],"version-history":[{"count":13,"href":"http:\/\/kreativ-atelier.net\/index.php?rest_route=\/wp\/v2\/pages\/358\/revisions"}],"predecessor-version":[{"id":360,"href":"http:\/\/kreativ-atelier.net\/index.php?rest_route=\/wp\/v2\/pages\/358\/revisions\/360"}],"wp:attachment":[{"href":"http:\/\/kreativ-atelier.net\/index.php?rest_route=%2Fwp%2Fv2%2Fmedia&parent=358"}],"curies":[{"name":"wp","href":"https:\/\/api.w.org\/{rel}","templated":true}]}}