{"id":366,"date":"2010-01-29T14:01:46","date_gmt":"2010-01-29T12:01:46","guid":{"rendered":"http:\/\/kreativ-atelier.net\/?page_id=366"},"modified":"2018-04-13T13:37:14","modified_gmt":"2018-04-13T11:37:14","slug":"philosophie","status":"publish","type":"page","link":"http:\/\/kreativ-atelier.net\/?page_id=366","title":{"rendered":"Philosophie"},"content":{"rendered":"<ul>\n<li>F\u00fcr \u00c4sthetik habe ich einen sechsten Sinn. Mit allen anderen f\u00fcnf gehe ich an die Arbeit.<\/li>\n<li>Fotografische Technik ist erlernbar &#8211; jedoch nicht der Blick f\u00fcr&#8217;s Kreative. Dies ist mir aber in die Wiege gelegt worden &#8230;<\/li>\n<li>&#8222;Es gibt nichts Schlimmeres als ein scharfes Bild einer verwaschenen  Idee.&#8220; (Ansel Adams)<\/li>\n<li>Ich mache nicht alles. Aber das, was ich anfasse, mit Ehrgeiz und Qualit\u00e4t &#8230;<\/li>\n<li>&#8222;Fotografie sieht die Natur mit den Augen nach au\u00dfen, w\u00e4hrend Malerei die Welt mit den inneren Augen sieht.&#8220; (Charles Sheeler)<\/li>\n<li>Gute Bilder entstehen nicht in wenigen Minuten, aber im richtigen Augenblick &#8230;<\/li>\n<li>&#8222;Malerei ist die Kunst des Einschlusses, Fotografie die Kunst des Ausschlusses.&#8220; (Ken Rockwell)<\/li>\n<li>Ich fotografiere ausschlie\u00dflich digital und mache die Bilder zu einem Kunstwerk &#8230;<\/li>\n<li>&#8222;Kunst ist der Ausdruck der Vorstellungskraft, nicht das Abbilden der Wirklichkeit.&#8220; (Elliot Porter)<\/li>\n<li>Zum guten Service geh\u00f6rt, dass das Studio ohne l\u00e4stige \u00d6ffnungszeiten zu Ihnen kommt &#8230;<\/li>\n<\/ul>\n","protected":false},"excerpt":{"rendered":"<p>F\u00fcr \u00c4sthetik habe ich einen sechsten Sinn. Mit allen anderen f\u00fcnf gehe ich an die Arbeit. Fotografische Technik ist erlernbar &#8211; jedoch nicht der Blick f\u00fcr&#8217;s Kreative. Dies ist mir aber in die Wiege gelegt worden &#8230; &#8222;Es gibt nichts Schlimmeres als ein scharfes Bild einer verwaschenen Idee.&#8220; (Ansel Adams) Ich mache nicht alles. Aber [&hellip;]<\/p>\n","protected":false},"author":1,"featured_media":0,"parent":0,"menu_order":0,"comment_status":"closed","ping_status":"closed","template":"","meta":[],"_links":{"self":[{"href":"http:\/\/kreativ-atelier.net\/index.php?rest_route=\/wp\/v2\/pages\/366"}],"collection":[{"href":"http:\/\/kreativ-atelier.net\/index.php?rest_route=\/wp\/v2\/pages"}],"about":[{"href":"http:\/\/kreativ-atelier.net\/index.php?rest_route=\/wp\/v2\/types\/page"}],"author":[{"embeddable":true,"href":"http:\/\/kreativ-atelier.net\/index.php?rest_route=\/wp\/v2\/users\/1"}],"replies":[{"embeddable":true,"href":"http:\/\/kreativ-atelier.net\/index.php?rest_route=%2Fwp%2Fv2%2Fcomments&post=366"}],"version-history":[{"count":11,"href":"http:\/\/kreativ-atelier.net\/index.php?rest_route=\/wp\/v2\/pages\/366\/revisions"}],"predecessor-version":[{"id":632,"href":"http:\/\/kreativ-atelier.net\/index.php?rest_route=\/wp\/v2\/pages\/366\/revisions\/632"}],"wp:attachment":[{"href":"http:\/\/kreativ-atelier.net\/index.php?rest_route=%2Fwp%2Fv2%2Fmedia&parent=366"}],"curies":[{"name":"wp","href":"https:\/\/api.w.org\/{rel}","templated":true}]}}